{"id":2,"date":"2023-11-02T20:40:17","date_gmt":"2023-11-02T20:40:17","guid":{"rendered":"https:\/\/www.megawater.com.tr\/?page_id=2"},"modified":"2023-12-13T20:40:49","modified_gmt":"2023-12-13T20:40:49","slug":"sample-page","status":"publish","type":"page","link":"https:\/\/megawater.com.tr\/","title":{"rendered":"MEGAWATER\u00aeSU ARITMA C\u0130HAZLARI"},"content":{"rendered":"\n<figure class=\"wp-block-image size-large is-resized\"><img loading=\"lazy\" decoding=\"async\" width=\"1024\" height=\"883\" src=\"https:\/\/www.megawater.com.tr\/wp-content\/uploads\/2023\/11\/IMG-20220920-WA0084-1024x883.jpg\" alt=\"\" class=\"wp-image-15\" style=\"width:833px;height:auto\" srcset=\"https:\/\/megawater.com.tr\/wp-content\/uploads\/2023\/11\/IMG-20220920-WA0084-1024x883.jpg 1024w, https:\/\/megawater.com.tr\/wp-content\/uploads\/2023\/11\/IMG-20220920-WA0084-300x259.jpg 300w, https:\/\/megawater.com.tr\/wp-content\/uploads\/2023\/11\/IMG-20220920-WA0084-768x662.jpg 768w, https:\/\/megawater.com.tr\/wp-content\/uploads\/2023\/11\/IMG-20220920-WA0084.jpg 1253w\" sizes=\"auto, (max-width: 1024px) 100vw, 1024px\" \/><\/figure>\n\n\n\n<p><a href=\"http:\/\/www.megawater.com.tr\/\"><strong><\/strong><\/a><\/p>\n\n\n\n<figure class=\"wp-block-image size-large\"><img loading=\"lazy\" decoding=\"async\" width=\"1024\" height=\"683\" src=\"https:\/\/megawater.com.tr\/wp-content\/uploads\/2023\/12\/WhatsApp-Image-2023-12-13-at-23.26.20-1024x683.jpeg\" alt=\"\" class=\"wp-image-230\" srcset=\"https:\/\/megawater.com.tr\/wp-content\/uploads\/2023\/12\/WhatsApp-Image-2023-12-13-at-23.26.20-1024x683.jpeg 1024w, https:\/\/megawater.com.tr\/wp-content\/uploads\/2023\/12\/WhatsApp-Image-2023-12-13-at-23.26.20-300x200.jpeg 300w, https:\/\/megawater.com.tr\/wp-content\/uploads\/2023\/12\/WhatsApp-Image-2023-12-13-at-23.26.20-768x512.jpeg 768w, https:\/\/megawater.com.tr\/wp-content\/uploads\/2023\/12\/WhatsApp-Image-2023-12-13-at-23.26.20.jpeg 1080w\" sizes=\"auto, (max-width: 1024px) 100vw, 1024px\" \/><\/figure>\n\n\n\n<p>MEGAWATER SU ARITMA RESM\u0130 WEB S\u0130TES\u0130<\/p>\n\n\n\n<p><strong>SERV\u0130S &amp; SATI\u015e&nbsp; &nbsp;<\/strong><\/p>\n\n\n\n<p><strong>0 532 120 06 48<\/strong><\/p>\n\n\n\n<p><strong>HEMEN ARAYINIZ<\/strong><\/p>\n\n\n\n<p><strong>MEGAWATER EN \u0130Y\u0130 SU ARITMA C\u0130HAZI<\/strong><\/p>\n\n\n\n<p><strong>0 532 120 06 48<\/strong><\/p>\n\n\n\n<figure class=\"wp-block-image size-large is-resized\"><img loading=\"lazy\" decoding=\"async\" width=\"1024\" height=\"1022\" src=\"https:\/\/www.megawater.com.tr\/wp-content\/uploads\/2023\/11\/IMG-20220609-WA0004-1024x1022.jpg\" alt=\"\" class=\"wp-image-80\" style=\"width:838px;height:auto\" srcset=\"https:\/\/megawater.com.tr\/wp-content\/uploads\/2023\/11\/IMG-20220609-WA0004-1024x1022.jpg 1024w, https:\/\/megawater.com.tr\/wp-content\/uploads\/2023\/11\/IMG-20220609-WA0004-300x300.jpg 300w, https:\/\/megawater.com.tr\/wp-content\/uploads\/2023\/11\/IMG-20220609-WA0004-150x150.jpg 150w, https:\/\/megawater.com.tr\/wp-content\/uploads\/2023\/11\/IMG-20220609-WA0004-768x767.jpg 768w, https:\/\/megawater.com.tr\/wp-content\/uploads\/2023\/11\/IMG-20220609-WA0004-350x350.jpg 350w, https:\/\/megawater.com.tr\/wp-content\/uploads\/2023\/11\/IMG-20220609-WA0004.jpg 1082w\" sizes=\"auto, (max-width: 1024px) 100vw, 1024px\" \/><\/figure>\n\n\n\n<figure class=\"wp-block-image size-full is-resized\"><img loading=\"lazy\" decoding=\"async\" width=\"1024\" height=\"1022\" src=\"https:\/\/megawater.com.tr\/wp-content\/uploads\/2023\/12\/image.jpeg\" alt=\"Bu g\u00f6rselin Alt \u00f6zniteli\u011fi bo\u015f. Dosya ad\u0131: WhatsApp-Image-2023-12-11-at-22.04.00-1.jpeg\" class=\"wp-image-224\" style=\"width:838px;height:auto\" srcset=\"https:\/\/megawater.com.tr\/wp-content\/uploads\/2023\/12\/image.jpeg 1024w, https:\/\/megawater.com.tr\/wp-content\/uploads\/2023\/12\/image-300x300.jpeg 300w, https:\/\/megawater.com.tr\/wp-content\/uploads\/2023\/12\/image-150x150.jpeg 150w, https:\/\/megawater.com.tr\/wp-content\/uploads\/2023\/12\/image-768x767.jpeg 768w\" sizes=\"auto, (max-width: 1024px) 100vw, 1024px\" \/><\/figure>\n\n\n\n<figure class=\"wp-block-image size-full is-resized\"><img loading=\"lazy\" decoding=\"async\" width=\"1024\" height=\"1022\" src=\"https:\/\/megawater.com.tr\/wp-content\/uploads\/2023\/12\/WhatsApp-Image-2023-12-11-at-22.01.34-1.jpeg\" alt=\"\" class=\"wp-image-221\" style=\"width:839px;height:auto\" srcset=\"https:\/\/megawater.com.tr\/wp-content\/uploads\/2023\/12\/WhatsApp-Image-2023-12-11-at-22.01.34-1.jpeg 1024w, https:\/\/megawater.com.tr\/wp-content\/uploads\/2023\/12\/WhatsApp-Image-2023-12-11-at-22.01.34-1-300x300.jpeg 300w, https:\/\/megawater.com.tr\/wp-content\/uploads\/2023\/12\/WhatsApp-Image-2023-12-11-at-22.01.34-1-150x150.jpeg 150w, https:\/\/megawater.com.tr\/wp-content\/uploads\/2023\/12\/WhatsApp-Image-2023-12-11-at-22.01.34-1-768x767.jpeg 768w\" sizes=\"auto, (max-width: 1024px) 100vw, 1024px\" \/><\/figure>\n\n\n\n<figure class=\"wp-block-image size-full is-resized\"><img loading=\"lazy\" decoding=\"async\" width=\"1024\" height=\"1022\" src=\"https:\/\/megawater.com.tr\/wp-content\/uploads\/2023\/12\/WhatsApp-Image-2023-12-11-at-22.04.53-1.jpeg\" alt=\"\" class=\"wp-image-219\" style=\"width:839px;height:auto\" srcset=\"https:\/\/megawater.com.tr\/wp-content\/uploads\/2023\/12\/WhatsApp-Image-2023-12-11-at-22.04.53-1.jpeg 1024w, https:\/\/megawater.com.tr\/wp-content\/uploads\/2023\/12\/WhatsApp-Image-2023-12-11-at-22.04.53-1-300x300.jpeg 300w, https:\/\/megawater.com.tr\/wp-content\/uploads\/2023\/12\/WhatsApp-Image-2023-12-11-at-22.04.53-1-150x150.jpeg 150w, https:\/\/megawater.com.tr\/wp-content\/uploads\/2023\/12\/WhatsApp-Image-2023-12-11-at-22.04.53-1-768x767.jpeg 768w\" sizes=\"auto, (max-width: 1024px) 100vw, 1024px\" \/><\/figure>\n\n\n\n<figure class=\"wp-block-image size-full is-resized\"><img loading=\"lazy\" decoding=\"async\" width=\"1024\" height=\"1022\" src=\"https:\/\/megawater.com.tr\/wp-content\/uploads\/2023\/12\/WhatsApp-Image-2023-12-11-at-22.09.40.jpeg\" alt=\"\" class=\"wp-image-214\" style=\"width:839px;height:auto\" srcset=\"https:\/\/megawater.com.tr\/wp-content\/uploads\/2023\/12\/WhatsApp-Image-2023-12-11-at-22.09.40.jpeg 1024w, https:\/\/megawater.com.tr\/wp-content\/uploads\/2023\/12\/WhatsApp-Image-2023-12-11-at-22.09.40-300x300.jpeg 300w, https:\/\/megawater.com.tr\/wp-content\/uploads\/2023\/12\/WhatsApp-Image-2023-12-11-at-22.09.40-150x150.jpeg 150w, https:\/\/megawater.com.tr\/wp-content\/uploads\/2023\/12\/WhatsApp-Image-2023-12-11-at-22.09.40-768x767.jpeg 768w\" sizes=\"auto, (max-width: 1024px) 100vw, 1024px\" \/><\/figure>\n\n\n\n<p><a href=\"https:\/\/api.whatsapp.com\/send?phone=905321200648&amp;data=AbuaajDC-QCW9RSvmR-33UmTKT7p4BNlSvGI6AgZuiEXSJrK-oB5HQipi2Ard432xY09QXVNpqupPg82-yOuDAihYWEGjc-G7_ltjiIFRS5hQnAgBQoi9c0sQqRP_Dpb8V8&amp;source=FB_Ads\"><\/a><\/p>\n\n\n\n<figure class=\"wp-block-image size-full\"><img loading=\"lazy\" decoding=\"async\" width=\"1024\" height=\"1022\" src=\"https:\/\/megawater.com.tr\/wp-content\/uploads\/2023\/12\/WhatsApp-Image-2023-12-13-at-23.31.23.jpeg\" alt=\"\" class=\"wp-image-232\" srcset=\"https:\/\/megawater.com.tr\/wp-content\/uploads\/2023\/12\/WhatsApp-Image-2023-12-13-at-23.31.23.jpeg 1024w, https:\/\/megawater.com.tr\/wp-content\/uploads\/2023\/12\/WhatsApp-Image-2023-12-13-at-23.31.23-300x300.jpeg 300w, https:\/\/megawater.com.tr\/wp-content\/uploads\/2023\/12\/WhatsApp-Image-2023-12-13-at-23.31.23-150x150.jpeg 150w, https:\/\/megawater.com.tr\/wp-content\/uploads\/2023\/12\/WhatsApp-Image-2023-12-13-at-23.31.23-768x767.jpeg 768w\" sizes=\"auto, (max-width: 1024px) 100vw, 1024px\" \/><\/figure>\n\n\n\n<p>T\u00fcrkiye\u2019de ve D\u00fcnya\u2019da \u00e7ok fazla su ar\u0131tma cihaz\u0131 \u00e7e\u015fidi ve markas\u0131 bulunmaktad\u0131r. Bunlar\u0131n \u00e7o\u011fu y\u0131llard\u0131rist i\u015fi yapan uzman kadrolar ve ekiplerden olu\u015fan firmalar bir \u00e7o\u011fu ise tabiri caizse merdiven alt\u0131 firmalard\u0131r.Bir su ar\u0131tma cihaz\u0131 al\u0131rken bakt\u0131\u011f\u0131n\u0131z zaman hepsi birbirine \u00e7ok fazla benzemektedir.Bazen oluyor ki sahtesi ile ger\u00e7e\u011fi aras\u0131nda fark bile bulam\u0131yoruz tabi g\u00f6r\u00fcnt\u00fc a\u00e7\u0131s\u0131nda. Kalite g\u00fcven sa\u011fl\u0131kl\u0131 suyun en g\u00fcvenli adresi MEGAWATER gururla sunar,\u00a0<\/p>\n\n\n\n<p>MEGAWATER H\u0130ZMET GARANT\u0130S\u0130\u00a0BAKIM<\/p>\n\n\n\n<p>&nbsp;Taahh\u00fct &nbsp;Kamuoyuna&nbsp;Duyurusu&nbsp;&nbsp;<\/p>\n\n\n\n<p>Bu kapsamda periyodik bak\u0131m ve ar\u0131za durumlar\u0131nda da ayn\u0131 hassasiyeti g\u00f6stererek, acil ve gezici teknik servis ekiplerimiz ile en ge\u00e7 12 ile 24 saat i\u00e7erisinde cihaza m\u00fcdahale ederek, kullan\u0131c\u0131lar\u0131n\u0131n sa\u011fl\u0131ks\u0131z suyu t\u00fcketmek zorunda kalmas\u0131n\u0131 \u00f6nlemektedir.&nbsp;&nbsp;<\/p>\n\n\n\n<p>MEGAWATER &nbsp;Su&nbsp;Ar\u0131tma Sistemleri gezici ve acil m\u00fcdahale ekipleri 12 ile 24 saat i\u00e7eresinde sorununuzu ortadan kald\u0131rmay\u0131 taahh\u00fct etmektedir.&nbsp;&nbsp;<\/p>\n\n\n\n<p>Bizi arama ve bildirimlerinizde; size 2 saat i\u00e7erisinde geri d\u00f6n\u00fc\u015f yaparak, istek veya sorununuzu 12 ile 24 saat i\u00e7erisinde uzman personellerimiz ve teknik servisimiz ile kar\u015f\u0131lay\u0131p, talebinizi veya sorununuzu gidermekteyiz.&nbsp;&nbsp;&nbsp;<\/p>\n\n\n\n<p>Ayr\u0131ca her marka ve model su ar\u0131tma ve su yumu\u015fatma cihazlar\u0131n\u0131n bak\u0131m, ar\u0131za giderimi ve filtre de\u011fi\u015fimleri, yine ayn\u0131 \u015fekilde ISO 9001 Kalite Standartl\u0131 ve garantili olarak teknik servisimizce yap\u0131lmaktad\u0131r.&nbsp;&nbsp;<\/p>\n\n\n\n<p>Sa\u011fl\u0131kl\u0131 Sular&nbsp;Sizin&nbsp; G\u00fcvenli&nbsp;Hizmet Bizim \u0130\u015fimiz Esen Kal\u0131n&#8230;&nbsp;&nbsp;<\/p>\n\n\n\n<p>&nbsp;D\u0130KKAT<\/p>\n\n\n\n<p>&nbsp;BURSA \u0130L\u0130NDE SATICIMIZ YOKTUR<\/p>\n\n\n\n<p>BURSA \u0130L\u0130NDE SERV\u0130S\u0130M\u0130Z YOKTUR&nbsp;<\/p>\n\n\n\n<p>Tescilli Markam\u0131z\u0131n Bilinirli\u011finden \u00c7\u0131kar Sa\u011flayan \u0130zinsiz Kullanan Taklit ve<\/p>\n\n\n\n<p>Benzetme Yapan Firma&nbsp; \u015eah\u0131slar Hakk\u0131nda Yasal \u0130\u015flem Ba\u015flat\u0131lacakt\u0131r,&nbsp;&nbsp;<\/p>\n\n\n\n<p><strong>rowater,megawater su ar\u0131tma cihazlar\u0131,megasu,su ar\u0131tma megawater,megawater su filtresi,megafiltre,su ar\u0131tma cihaz\u0131 tavsiye megawater,t\u00fcrkiyenin en iyi su ar\u0131tma cihaz\u0131 megawater,megawater&nbsp;<\/strong><strong>\u0130<\/strong><strong>stanbul bayi ,megawater&nbsp;<\/strong><strong>\u0130<\/strong><strong>stanbul teknik servisi,megawater su ar\u0131tma Ankara servisi, ,megawater&nbsp;<\/strong><strong>\u0130<\/strong><strong>zmir teknik servisi, ,megawater \u0130skenderun teknik servisi, ,megawater Hatay ,bodrum,teknik servisi su ar\u0131ma ,megawater Antakya teknik servisi, ,megawater su yumu<\/strong><strong>\u015f<\/strong><strong>atma sistemi, ,megawater ruxin, fleck valf, ,megawater clark valf, ,megawater UV sistemi, ,megawater klor dozoj pompas\u0131,megawater apartman suyu ar\u0131tma, ,megawater okul suyu ar\u0131tma<\/strong><\/p>\n","protected":false},"excerpt":{"rendered":"<p>MEGAWATER SU ARITMA RESM\u0130 WEB S\u0130TES\u0130 SERV\u0130S &amp; SATI\u015e&nbsp; &nbsp; 0 532 120 06 48 HEMEN ARAYINIZ MEGAWATER EN \u0130Y\u0130 SU ARITMA C\u0130HAZI 0 532 120 06 48 T\u00fcrkiye\u2019de ve D\u00fcnya\u2019da \u00e7ok fazla su ar\u0131tma cihaz\u0131 \u00e7e\u015fidi ve markas\u0131 bulunmaktad\u0131r. Bunlar\u0131n \u00e7o\u011fu y\u0131llard\u0131rist i\u015fi yapan uzman kadrolar ve ekiplerden olu\u015fan firmalar bir \u00e7o\u011fu ise tabiri&hellip;<\/p>\n","protected":false},"author":1,"featured_media":0,"parent":0,"menu_order":0,"comment_status":"closed","ping_status":"closed","template":"","meta":{"footnotes":""},"class_list":["post-2","page","type-page","status-publish","hentry"],"_links":{"self":[{"href":"https:\/\/megawater.com.tr\/index.php?rest_route=\/wp\/v2\/pages\/2","targetHints":{"allow":["GET"]}}],"collection":[{"href":"https:\/\/megawater.com.tr\/index.php?rest_route=\/wp\/v2\/pages"}],"about":[{"href":"https:\/\/megawater.com.tr\/index.php?rest_route=\/wp\/v2\/types\/page"}],"author":[{"embeddable":true,"href":"https:\/\/megawater.com.tr\/index.php?rest_route=\/wp\/v2\/users\/1"}],"replies":[{"embeddable":true,"href":"https:\/\/megawater.com.tr\/index.php?rest_route=%2Fwp%2Fv2%2Fcomments&post=2"}],"version-history":[{"count":18,"href":"https:\/\/megawater.com.tr\/index.php?rest_route=\/wp\/v2\/pages\/2\/revisions"}],"predecessor-version":[{"id":235,"href":"https:\/\/megawater.com.tr\/index.php?rest_route=\/wp\/v2\/pages\/2\/revisions\/235"}],"wp:attachment":[{"href":"https:\/\/megawater.com.tr\/index.php?rest_route=%2Fwp%2Fv2%2Fmedia&parent=2"}],"curies":[{"name":"wp","href":"https:\/\/api.w.org\/{rel}","templated":true}]}}