{"id":196,"date":"2023-11-22T23:31:25","date_gmt":"2023-11-22T23:31:25","guid":{"rendered":"https:\/\/megawater.com.tr\/?page_id=196"},"modified":"2024-01-10T00:38:38","modified_gmt":"2024-01-10T00:38:38","slug":"hatay-su-aritma-antakya-iskenderun-su-aritma-yetkili-servis","status":"publish","type":"page","link":"https:\/\/megawater.com.tr\/?page_id=196","title":{"rendered":"Hatay Su Ar\u0131tma Antakya \u0130skenderun Su Ar\u0131tma Yetkili Servis"},"content":{"rendered":"\n<ul class=\"wp-block-list\">\n<li><\/li>\n\n\n\n<li><a href=\"http:\/\/www.antakyasuaritma.com\/index.php\/volkan-usta-su-aritma-antakya-teknik-servisi\"><\/a>MEGAWATER SU ARITMA TEKNOLOJ\u0130LER\u0130<\/li>\n<\/ul>\n\n\n\n<p><strong>0 326 232 46 32 HEMEN ARAYINIZ<\/strong><\/p>\n\n\n\n<figure class=\"wp-block-image size-large is-resized\"><img loading=\"lazy\" decoding=\"async\" width=\"1024\" height=\"883\" src=\"https:\/\/megawater.com.tr\/wp-content\/uploads\/2023\/11\/IMG-20220920-WA0084-1-1024x883.jpg\" alt=\"\" class=\"wp-image-95\" style=\"width:285px;height:auto\" srcset=\"https:\/\/megawater.com.tr\/wp-content\/uploads\/2023\/11\/IMG-20220920-WA0084-1-1024x883.jpg 1024w, https:\/\/megawater.com.tr\/wp-content\/uploads\/2023\/11\/IMG-20220920-WA0084-1-300x259.jpg 300w, https:\/\/megawater.com.tr\/wp-content\/uploads\/2023\/11\/IMG-20220920-WA0084-1-768x662.jpg 768w, https:\/\/megawater.com.tr\/wp-content\/uploads\/2023\/11\/IMG-20220920-WA0084-1.jpg 1253w\" sizes=\"auto, (max-width: 1024px) 100vw, 1024px\" \/><\/figure>\n\n\n\n<h2 class=\"wp-block-heading\">hatay su ar\u0131t\u0131c\u0131 fiyatlar\u0131<\/h2>\n\n\n\n<p>&nbsp;&nbsp;MEGAWATER SU ARITMA TEKNOLOJ\u0130LER\u0130<\/p>\n\n\n\n<p><strong>0 326 232 46 32 HEMEN ARAYINIZ<\/strong><\/p>\n\n\n\n<p>,\u00a0su ar\u0131tma\u00a0\u00a0\u00a0su ar\u0131tma cihaz\u0131\u00a0\u00a0\u00a0ar\u0131tma cihaz\u0131\u00a0\u00a0\u00a0kaliteli su ar\u0131tma\u00a0\u00a0\u00a0Hatay ar\u0131tma\u00a0\u00a0\u00a0Hatay su ar\u0131tma\u00a0\u00a0\u00a0Hatay su ar\u0131tma cihazlar\u0131\u00a0\u00a0\u00a0Antakya su ar\u0131tma\u00a0\u00a0\u00a0Samanda\u011f su ar\u0131tma\u00a0\u00a0\u00a0reyhanl\u0131 su ar\u0131tma\u00a0\u00a0\u00a0K\u0131r\u0131khan su ar\u0131tma\u00a0\u00a0\u00a0Yaylada\u011f su ar\u0131tma\u00a0\u00a0\u00a0Alt\u0131n\u00f6z\u00fc su ar\u0131tma\u00a0\u00a0\u00a0Amerikan su ar\u0131tma cihazlar\u0131\u00a0\u00a0\u00a0Amerikan su ar\u0131tma\u00a0\u00a0\u00a0kaliteli su ar\u0131tma\u00a0\u00a0\u00a0su ar\u0131tma cihazlar\u0131 teknik servisi\u00a0\u00a0\u00a0antakyal\u0131 su ar\u0131tma\u00a0\u00a0\u00a0kuyu suyu ar\u0131tma hatay\u00a0\u00a0\u00a0su ar\u0131tma montaj\u0131 antakya hatay\u00a0\u00a0\u00a0hatay su ar\u0131tma cihaz\u0131\u00a0\u00a0\u00a0hatay su ar\u0131tma cihazlar\u0131\u00a0\u00a0\u00a0hatay su ar\u0131tma cihaz\u0131 fiyatlar\u0131\u00a0\u00a0\u00a0hatay su ar\u0131t\u0131c\u0131 fiyatlar\u0131\u00a0\u00a0\u00a0antakyal\u0131 su ar\u0131tma\u00a0\u00a0\u00a0\u2019antakya su ar\u0131tma\u201dantakya su\u2019 \u2018ar\u0131tma cihaz\u0131\u00a0\u00a0\u00a0antakya su ar\u0131tma cihazlar\u0131\u00a0\u00a0\u00a0antakya su ar\u0131tma cihazlar\u0131 fiyatlar\u0131\u201dantakya su ar\u0131t\u0131c\u0131 fiyatlar\u0131\u2019End\u00fcstiriyel ar\u0131tma\u00a0\u00a0\u00a0su\u00a0\u00a0\u00a0su ar\u0131tma\u00a0\u00a0\u00a0ev tipi tezgah alt\u0131 su ar\u0131tma cihaz\u0131 antakya\u00a0\u00a0\u00a0su ar\u0131tma\u00a0\u00a0\u00a0antakya\u00a0\u00a0\u00a0antakyal\u0131\u00a0\u00a0\u00a0hatay su ar\u0131tma\u00a0\u00a0\u00a0cihaz\u0131\u00a0\u00a0\u00a0Suyunuza \u00f6zel ar\u0131tma \u00e7\u00f6z\u00fcmleri\u00a0\u00a0\u00a0evsel ve end\u00fcstiriyel ihtiyac\u0131n\u0131za en uygun su ar\u0131tma sistemleri projelendirme\u00a0\u00a0\u00a0sat\u0131\u015f\u00a0\u00a0\u00a0servis \u2026\u00a0\u00a0\u00a0antakya su ar\u0131tma\u00a0\u00a0\u00a0End\u00fcstriyel\u00a0\u00a0\u00a0Evsel Su ar\u0131tma Sistemleri Sat\u0131\u015f\u00a0\u00a0\u00a0Teknik Servis Hizmetleri HATAY ANTAKYA SU ARITMA\u00a0\u00a0\u00a0\u0130hlas Su Ar\u0131tma Fiyat\u0131\u00a0\u00a0\u00a0\u0130hlas Su Ar\u0131tma Fiyatlar\u0131\u00a0\u00a0\u00a0Aura Cebilon Fiyatlar\u0131. Anasayfa \u2026ihlassuaritma auracebilon hatay \u0130hlas Su Ar\u0131tma Cihazlar\u0131 Aura Cebilon Hatay\u00a0\u00a0\u00a0Hatay Sanayi Tipi Su Ar\u0131tma\u00a0\u00a0\u00a0Hatay End\u00fcstriyel Su Ar\u0131tma\u00a0\u00a0\u00a0Hatay Sanayi Tipi Su Ar\u0131tma Cihaz\u0131\u00a0\u00a0\u00a0Hatay Sanayi Tipi Su Ar\u0131tma Cihazlar\u0131\u00a0\u00a0\u00a0Hatay Sanayi Tipi Su\u00a0\u00a0\u00a0Hatay\u00a0\u00a0\u00a0Hatay Su Ar\u0131tma Cihaz\u0131\u00a0\u00a0\u00a0Hatay Su Ar\u0131tma Sistemi\u00a0\u00a0\u00a0\u00a0\u00a0\u00a0Hatay Su Ar\u0131tma Fiyatlar\u0131\u00a0\u00a0\u00a0Hatay Su Ar\u0131tma Cihazlar\u0131 Fiyatlar\u0131\u00a0\u00a0\u00a0Su Ar\u0131tma Cihazlar\u0131 Fiyatlar\u0131 Sat\u0131\u015f 150 TL\u00a0\u00a0\u00a0su ar\u0131tma cihaz\u0131\u00a0\u00a0\u00a0ev tipi su ar\u0131tma cihaz\u0131\u00a0\u00a0\u00a0ev ve ofislerde reverse osmosis su ar\u0131tma sistemleri\u00a0\u00a0\u00a0ucuz ve kaliteli su ar\u0131tma\u00a0\u00a0\u00a0Life Su Ar\u0131tma\u00a0\u00a0\u00a0Su Ar\u0131tma Cihaz\u0131\u00a0\u00a0\u00a0Su Ar\u0131tma Cihazlar\u0131 Fiyatlar\u0131 ve Ar\u0131tma Cihaz\u0131\u00a0\u00a0\u00a0Su Ar\u0131tma\u00a0\u00a0\u00a0Su Ar\u0131tma Cihaz\u0131\u00a0\u00a0\u00a0Ar\u0131tma Cihazlar\u0131\u00a0\u00a0\u00a0Ev Su Ar\u0131tma\u00a0\u00a0\u00a0\u00a0\u00a0\u00a0ihlas su ar\u0131tma\u00a0\u00a0\u00a0Aura Cebilon Su Ar\u0131tma\u00a0\u00a0\u00a0ihlas su ar\u0131tma cihaz\u0131\u00a0\u00a0\u00a0ar\u0131t\u0131m\u00a0\u00a0\u00a0ar\u0131tma cihaz\u0131\u00a0\u00a0\u00a0su ar\u0131tma cihaz\u0131\u00a0\u00a0\u00a0hatay su ar\u0131tma cihaz\u0131 sat\u0131\u015f noktalar\u0131\u00a0\u00a0\u00a0life su ar\u0131tma\u00a0\u00a0\u00a0hatayda su ar\u0131tma firma\u00a0\u00a0\u00a0r\u0131tma Fiyat\u0131\u00a0\u00a0\u00a0\u0130hlas Su Ar\u0131tma Fiyatlar\u0131\u00a0\u00a0\u00a0Aura Cebilon Fiyatlar\u0131. Anasayfa \u2026ihlassuaritma auracebilon hatay \u0130hlas Su Ar\u0131tma Cihazlar\u0131 Aura Cebilon Hatay\u00a0\u00a0\u00a0Hatay Sanayi Tipi Su Ar\u0131tma\u00a0\u00a0\u00a0Hatay End\u00fcstriyel Su Ar\u0131tma\u00a0\u00a0\u00a0Hatay Sanayi Tipi Su Ar\u0131tma Cihaz\u0131\u00a0\u00a0\u00a0Hatay Sanayi Tipi Su Ar\u0131tma Cihazlar\u0131\u00a0\u00a0\u00a0Hatay Sanayi Tipi Su\u00a0\u00a0\u00a0Hatay Su Ar\u0131tma\u00a0\u00a0\u00a0Hatay Su Ar\u0131tma Cihaz\u0131\u00a0\u00a0\u00a0Hatay Su Ar\u0131tma Sistemi\u00a0\u00a0\u00a0Hatay Su Ar\u0131tma \u2026 Su Ar\u0131tma\u00a0\u00a0\u00a0Hatay Su Ar\u0131tma Fiyatlar\u0131\u00a0\u00a0\u00a0Hatay Su Ar\u0131tma Cihazlar\u0131 Fiyatlar\u0131\u00a0\u00a0\u00a0Su Ar\u0131tma Cihazlar\u0131 Fiyatlar\u0131 Sat\u0131\u015f 1250 TL\u00a0\u00a0\u00a0su ar\u0131tma cihaz\u0131\u00a0\u00a0\u00a0ev tipi su ar\u0131tma cihaz\u0131\u00a0\u00a0\u00a0ev ve ofislerde\u00a0\u00a0\u00a0reverse osmosis su ar\u0131tma sistemleri\u2026\u00a0\u00a0<\/p>\n\n\n\n<ul class=\"wp-block-list\">\n<li><a href=\"http:\/\/www.antakyasuaritma.com\/index.php\">Home<\/a>&nbsp;<img decoding=\"async\" src=\"http:\/\/www.antakyasuaritma.com\/media\/system\/images\/arrow.png\" alt=\"\"><\/li>\n\n\n\n<li><a href=\"http:\/\/www.antakyasuaritma.com\/index.php\/8-megawater-hatay-ana-bayi\">MEGAWATER HATAY ANA BAY\u0130<\/a>&nbsp;<img decoding=\"async\" src=\"http:\/\/www.antakyasuaritma.com\/media\/system\/images\/arrow.png\" alt=\"\"><\/li>\n\n\n\n<li>hatay su ar\u0131t\u0131c\u0131 fiyatlar\u0131<\/li>\n<\/ul>\n\n\n\n<hr class=\"wp-block-separator has-alpha-channel-opacity\"\/>\n\n\n\n<p><a href=\"http:\/\/www.antakyasuaritma.com\/index.php\/8-megawater-hatay-ana-bayi\/97-hatay-su-aritici-fiyatlari#top\">Back to Top<\/a><\/p>\n\n\n\n<p>\u00a9 2009 Antakya Su Ar\u0131tma MEGAWATER \u00ae HATAY<\/p>\n","protected":false},"excerpt":{"rendered":"<p>0 326 232 46 32 HEMEN ARAYINIZ hatay su ar\u0131t\u0131c\u0131 fiyatlar\u0131 &nbsp;&nbsp;MEGAWATER SU ARITMA TEKNOLOJ\u0130LER\u0130 0 326 232 46 32 HEMEN ARAYINIZ ,\u00a0su ar\u0131tma\u00a0\u00a0\u00a0su ar\u0131tma cihaz\u0131\u00a0\u00a0\u00a0ar\u0131tma cihaz\u0131\u00a0\u00a0\u00a0kaliteli su ar\u0131tma\u00a0\u00a0\u00a0Hatay ar\u0131tma\u00a0\u00a0\u00a0Hatay su ar\u0131tma\u00a0\u00a0\u00a0Hatay su ar\u0131tma cihazlar\u0131\u00a0\u00a0\u00a0Antakya su ar\u0131tma\u00a0\u00a0\u00a0Samanda\u011f su ar\u0131tma\u00a0\u00a0\u00a0reyhanl\u0131 su ar\u0131tma\u00a0\u00a0\u00a0K\u0131r\u0131khan su ar\u0131tma\u00a0\u00a0\u00a0Yaylada\u011f su ar\u0131tma\u00a0\u00a0\u00a0Alt\u0131n\u00f6z\u00fc su ar\u0131tma\u00a0\u00a0\u00a0Amerikan su ar\u0131tma cihazlar\u0131\u00a0\u00a0\u00a0Amerikan su ar\u0131tma\u00a0\u00a0\u00a0kaliteli su ar\u0131tma\u00a0\u00a0\u00a0su ar\u0131tma&hellip;<\/p>\n","protected":false},"author":1,"featured_media":0,"parent":0,"menu_order":0,"comment_status":"closed","ping_status":"closed","template":"","meta":{"footnotes":""},"class_list":["post-196","page","type-page","status-publish","hentry"],"_links":{"self":[{"href":"https:\/\/megawater.com.tr\/index.php?rest_route=\/wp\/v2\/pages\/196","targetHints":{"allow":["GET"]}}],"collection":[{"href":"https:\/\/megawater.com.tr\/index.php?rest_route=\/wp\/v2\/pages"}],"about":[{"href":"https:\/\/megawater.com.tr\/index.php?rest_route=\/wp\/v2\/types\/page"}],"author":[{"embeddable":true,"href":"https:\/\/megawater.com.tr\/index.php?rest_route=\/wp\/v2\/users\/1"}],"replies":[{"embeddable":true,"href":"https:\/\/megawater.com.tr\/index.php?rest_route=%2Fwp%2Fv2%2Fcomments&post=196"}],"version-history":[{"count":2,"href":"https:\/\/megawater.com.tr\/index.php?rest_route=\/wp\/v2\/pages\/196\/revisions"}],"predecessor-version":[{"id":241,"href":"https:\/\/megawater.com.tr\/index.php?rest_route=\/wp\/v2\/pages\/196\/revisions\/241"}],"wp:attachment":[{"href":"https:\/\/megawater.com.tr\/index.php?rest_route=%2Fwp%2Fv2%2Fmedia&parent=196"}],"curies":[{"name":"wp","href":"https:\/\/api.w.org\/{rel}","templated":true}]}}