{"id":164,"date":"2023-11-11T22:09:39","date_gmt":"2023-11-11T22:09:39","guid":{"rendered":"https:\/\/megawater.com.tr\/?page_id=164"},"modified":"2023-11-11T22:29:07","modified_gmt":"2023-11-11T22:29:07","slug":"su-aritma-cihazi","status":"publish","type":"page","link":"https:\/\/megawater.com.tr\/?page_id=164","title":{"rendered":"Su Ar\u0131tma Cihaz\u0131"},"content":{"rendered":"\n<p>Merak edilen sorular\u0131n cevaplar\u0131<\/p>\n\n\n\n<p>Sorular<\/p>\n\n\n\n<p>1 litre su ar\u0131tmak i\u00e7in ne kadar su kullan\u0131l\u0131r?<\/p>\n\n\n\n<p>Genellikle, evsel ters ozmoz su ar\u0131tma cihazlar\u0131, 1 litre saf su \u00fcretmek i\u00e7in 2 ila 4 litre aras\u0131nda at\u0131k su olu\u015fturur. Ancak bu miktar, kullan\u0131lan suyun sertli\u011fi, su bas\u0131nc\u0131, su s\u0131cakl\u0131\u011f\u0131 ve tuzluluk seviyesi gibi fakt\u00f6rlere ba\u011fl\u0131 olarak de\u011fi\u015febilir. <\/p>\n\n\n\n<p>MEGAWATER SU ARITMA C\u0130HAZLARI <\/p>\n\n\n\n<p>Su ar\u0131tma cihaz\u0131 su faturas\u0131n\u0131 artt\u0131r\u0131r m\u0131?Su ar\u0131tma cihaz\u0131 su faturas\u0131n\u0131 artt\u0131r\u0131r m\u0131? Su ar\u0131tma cihaz\u0131 su faturas\u0131n\u0131 artt\u0131rmaz, aksine tasarruf sa\u011flayabilir. Su ar\u0131tma cihazlar\u0131, musluk suyunu ar\u0131tarak daha temiz ve daha sa\u011fl\u0131kl\u0131 bir i\u00e7me suyu elde etmenizi sa\u011flarlar.<\/p>\n\n\n\n<p>Ev tipi su ar\u0131tma cihaz\u0131 ne kadar at\u0131k su atar?<\/p>\n\n\n\n<p>Su ar\u0131tma cihaz\u0131 kullanmak, haz\u0131r i\u00e7me suyu t\u00fcketimine k\u0131yasla \u00e7ok daha \u00e7evreci bir y\u00f6ntemdir. \u00d6zetle su ar\u0131tma cihaz\u0131 kullanan ortalama bir insan g\u00fcnde 4 litre i\u00e7me suyu t\u00fcketiyor varsayal\u0131m. Bu durumda 4 litre temiz i\u00e7me suyu i\u00e7in yakla\u015f\u0131k 8 litre at\u0131k su olu\u015fumuna sebep olur.<\/p>\n\n\n\n<p>Ar\u0131tma suyu mu damacana su mu?<\/p>\n\n\n\n<p>Damacana i\u00e7erisindeki binlerce farkl\u0131 bakteri, ar\u0131t\u0131lm\u0131\u015f suyun farkl\u0131 riskler ile kar\u015f\u0131 kar\u015f\u0131ya kalmas\u0131na neden olur. Bu nedenle en g\u00fcvenilir se\u00e7enek olarak megawater su ar\u0131tma cihaz\u0131 sat\u0131n almak g\u00f6r\u00fclmektedir.<\/p>\n\n\n\n<figure class=\"wp-block-image size-large\"><img loading=\"lazy\" decoding=\"async\" width=\"1024\" height=\"760\" src=\"https:\/\/megawater.com.tr\/wp-content\/uploads\/2023\/11\/IMG-20231104-WA0071-1024x760.jpg\" alt=\"\" class=\"wp-image-165\" srcset=\"https:\/\/megawater.com.tr\/wp-content\/uploads\/2023\/11\/IMG-20231104-WA0071-1024x760.jpg 1024w, https:\/\/megawater.com.tr\/wp-content\/uploads\/2023\/11\/IMG-20231104-WA0071-300x223.jpg 300w, https:\/\/megawater.com.tr\/wp-content\/uploads\/2023\/11\/IMG-20231104-WA0071-768x570.jpg 768w, https:\/\/megawater.com.tr\/wp-content\/uploads\/2023\/11\/IMG-20231104-WA0071.jpg 1456w\" sizes=\"auto, (max-width: 1024px) 100vw, 1024px\" \/><\/figure>\n\n\n\n<p>Su ar\u0131tma cihaz\u0131 filtre de\u011fi\u015fimi ka\u00e7 TL?<\/p>\n\n\n\n<p>Su Ar\u0131tma Filtre De\u011fi\u015fimi Fiyat\u0131n\u0131 Etkileyen Fakt\u00f6rler Su sertli\u011fi ve g\u00f6rsel kirlili\u011fi <\/p>\n\n\n\n<figure class=\"wp-block-table\"><table><tbody><tr><th>MEGAWATER <\/th><th>En D\u00fc\u015f\u00fck<\/th><th>En Y\u00fcksek<\/th><\/tr><tr><td>Hangi marka su ar\u0131tma filtresi de\u011fi\u015fecek?<\/td><td><strong>200 TL<\/strong><\/td><td>1<strong>700 TL<\/strong><\/td><\/tr><tr><td>Toplam ka\u00e7 adet filtre de\u011fi\u015fecek?<\/td><td>500 TL<\/td><td>1700 TL<\/td><\/tr><\/tbody><\/table><figcaption class=\"wp-element-caption\">\u00a0Ar\u0131tma cihaz\u0131 bak\u0131m\u0131 ka\u00e7 ayda yap\u0131l\u0131r?<div jsname=\"Q8Kwad\" class=\"aj35ze\" style=\"max-height: 999999px; background-image: url(&quot;data:image\/svg+xml,<svg focusable=\\&quot;false\\&quot; xmlns=\\&quot;http:\/\/www.w3.org\/2000\/svg\\&quot; viewBox=\\&quot;0 0 24 24\\&quot;&gt;<path fill=\\&quot;%23747878\\&quot; d=\\&quot;M16.59 8.59L12 13.17 7.41 8.59 6 10l6 6 6-6z\\&quot;&gt;<\/path&gt;<\/svg&gt;&quot;); display: inline-block; height: 24px; width: 24px; transform: rotateZ(-180deg);\"><\/div><div style=\"max-height: 999999px; position: absolute; height: 68px; width: 352px; left: 0px; top: 0px; visibility: hidden;\" jsname=\"pcRaIe\" class=\"L3Ezfd\" data-ved=\"2ahUKEwjyv6KC_LyCAxXRVvEDHTu8A88Quk56BAgTEAI\"><\/div><br>Su ar\u0131tma cihazlar\u0131n\u0131n i\u00e7inde bulunan baz\u0131 filtreler her sene yenilenmeli. Baz\u0131 filtreler ise \u00f6zelliklerine, kalitelerine ve kullan\u0131mlar\u0131na g\u00f6re\u00a0alt\u0131 ayda bir kere ya da 2 y\u0131lda bir kere\u00a0de\u011fi\u015ftirilmeli.<\/figcaption><\/figure>\n\n\n\n<p>Su ar\u0131tma cihaz\u0131 neden su almaz?<div jsname=\"Q8Kwad\" class=\"aj35ze\" style=\"max-height: 999999px; background-image: url(&quot;data:image\/svg+xml,<svg focusable=\\&quot;false\\&quot; xmlns=\\&quot;http:\/\/www.w3.org\/2000\/svg\\&quot; viewBox=\\&quot;0 0 24 24\\&quot;&gt;<path fill=\\&quot;%23747878\\&quot; d=\\&quot;M16.59 8.59L12 13.17 7.41 8.59 6 10l6 6 6-6z\\&quot;&gt;<\/path&gt;<\/svg&gt;&quot;); display: inline-block; height: 24px; width: 24px; transform: rotateZ(-180deg);\"><\/div><div jsname=\"pcRaIe\" class=\"L3Ezfd\" data-ved=\"2ahUKEwjyv6KC_LyCAxXRVvEDHTu8A88Quk56BAgSEAI\" style=\"max-height: 999999px; position: absolute; height: 60px; width: 352px; left: 0px; top: 0px; visibility: hidden;\"><\/div><\/p>\n\n\n\n<p>D\u00fc\u015f\u00fck Su Bas\u0131nc\u0131: Su ar\u0131tma cihaz\u0131 tank\u0131ndan su gelmemesinin en yayg\u0131n nedenlerinden biri d\u00fc\u015f\u00fck su bas\u0131nc\u0131d\u0131r. Ters osmoz sistemi, suyu ar\u0131tmak i\u00e7in belirli bir bas\u0131nca ihtiya\u00e7 duyar. E\u011fer su bas\u0131nc\u0131 yetersiz ise, cihaz suyu tanka pompalayamaz ve sonu\u00e7 olarak tanktan su gelmez.<\/p>\n","protected":false},"excerpt":{"rendered":"<p>Merak edilen sorular\u0131n cevaplar\u0131 Sorular 1 litre su ar\u0131tmak i\u00e7in ne kadar su kullan\u0131l\u0131r? Genellikle, evsel ters ozmoz su ar\u0131tma cihazlar\u0131, 1 litre saf su \u00fcretmek i\u00e7in 2 ila 4 litre aras\u0131nda at\u0131k su olu\u015fturur. Ancak bu miktar, kullan\u0131lan suyun sertli\u011fi, su bas\u0131nc\u0131, su s\u0131cakl\u0131\u011f\u0131 ve tuzluluk seviyesi gibi fakt\u00f6rlere ba\u011fl\u0131 olarak de\u011fi\u015febilir. MEGAWATER SU&hellip;<\/p>\n","protected":false},"author":1,"featured_media":0,"parent":0,"menu_order":0,"comment_status":"closed","ping_status":"closed","template":"","meta":{"footnotes":""},"class_list":["post-164","page","type-page","status-publish","hentry"],"_links":{"self":[{"href":"https:\/\/megawater.com.tr\/index.php?rest_route=\/wp\/v2\/pages\/164","targetHints":{"allow":["GET"]}}],"collection":[{"href":"https:\/\/megawater.com.tr\/index.php?rest_route=\/wp\/v2\/pages"}],"about":[{"href":"https:\/\/megawater.com.tr\/index.php?rest_route=\/wp\/v2\/types\/page"}],"author":[{"embeddable":true,"href":"https:\/\/megawater.com.tr\/index.php?rest_route=\/wp\/v2\/users\/1"}],"replies":[{"embeddable":true,"href":"https:\/\/megawater.com.tr\/index.php?rest_route=%2Fwp%2Fv2%2Fcomments&post=164"}],"version-history":[{"count":4,"href":"https:\/\/megawater.com.tr\/index.php?rest_route=\/wp\/v2\/pages\/164\/revisions"}],"predecessor-version":[{"id":174,"href":"https:\/\/megawater.com.tr\/index.php?rest_route=\/wp\/v2\/pages\/164\/revisions\/174"}],"wp:attachment":[{"href":"https:\/\/megawater.com.tr\/index.php?rest_route=%2Fwp%2Fv2%2Fmedia&parent=164"}],"curies":[{"name":"wp","href":"https:\/\/api.w.org\/{rel}","templated":true}]}}